{"id":56,"date":"2023-07-07T16:30:55","date_gmt":"2023-07-07T16:30:55","guid":{"rendered":"https:\/\/casaeole.com\/?page_id=56"},"modified":"2026-03-26T21:51:39","modified_gmt":"2026-03-26T21:51:39","slug":"contact","status":"publish","type":"page","link":"https:\/\/casaeole.com\/index.php\/contact\/","title":{"rendered":"Contact"},"content":{"rendered":"<p><div class=\"fusion-fullwidth fullwidth-box fusion-builder-row-1 fusion-flex-container has-pattern-background has-mask-background fusion-parallax-none nonhundred-percent-fullwidth non-hundred-percent-height-scrolling lazyload\" style=\"--awb-border-radius-top-left:0px;--awb-border-radius-top-right:0px;--awb-border-radius-bottom-right:0px;--awb-border-radius-bottom-left:0px;--awb-padding-top:150px;--awb-padding-bottom:150px;--awb-padding-top-small:100px;--awb-padding-bottom-small:100px;--awb-background-image:linear-gradient(180deg, hsla(var(--awb-color3-h),var(--awb-color3-s),var(--awb-color3-l),calc(var(--awb-color3-a) - 10%)) 0%,hsla(var(--awb-color3-h),var(--awb-color3-s),var(--awb-color3-l),calc(var(--awb-color3-a) - 10%)) 100%);;--awb-background-size:cover;--awb-flex-wrap:wrap;\" data-bg=\"http:\/\/casaeole.com\/wp-content\/uploads\/2026\/03\/blog-1-scaled-1felfel.jpg\" data-bg-gradient=\"linear-gradient(180deg, hsla(var(--awb-color3-h),var(--awb-color3-s),var(--awb-color3-l),calc(var(--awb-color3-a) - 10%)) 0%,hsla(var(--awb-color3-h),var(--awb-color3-s),var(--awb-color3-l),calc(var(--awb-color3-a) - 10%)) 100%)\" ><div class=\"fusion-builder-row fusion-row fusion-flex-align-items-flex-start fusion-flex-content-wrap\" style=\"max-width:1248px;margin-left: calc(-4% \/ 2 );margin-right: calc(-4% \/ 2 );\"><div class=\"fusion-layout-column fusion_builder_column fusion-builder-column-0 fusion_builder_column_1_1 1_1 fusion-flex-column fusion-animated\" style=\"--awb-bg-size:cover;--awb-width-large:100%;--awb-margin-top-large:0px;--awb-spacing-right-large:1.92%;--awb-margin-bottom-large:0px;--awb-spacing-left-large:1.92%;--awb-width-medium:100%;--awb-order-medium:0;--awb-spacing-right-medium:1.92%;--awb-spacing-left-medium:1.92%;--awb-width-small:100%;--awb-order-small:0;--awb-spacing-right-small:1.92%;--awb-spacing-left-small:1.92%;\" data-animationType=\"fadeInUp\" data-animationDuration=\"1.3\" data-animationOffset=\"top-into-view\"><div class=\"fusion-column-wrapper fusion-column-has-shadow fusion-flex-justify-content-flex-start fusion-content-layout-column\"><div class=\"fusion-title title fusion-title-1 fusion-no-small-visibility fusion-sep-none fusion-title-center fusion-title-text fusion-title-size-one\" style=\"--awb-margin-top:0px;--awb-margin-bottom:10px;--awb-margin-top-small:10px;--awb-margin-right-small:0px;--awb-margin-bottom-small:10px;--awb-margin-left-small:0px;\"><h1 class=\"fusion-title-heading title-heading-center\" style=\"margin:0;\">Contact<\/h1><\/div><\/div><\/div><\/div><\/div><div class=\"fusion-fullwidth fullwidth-box fusion-builder-row-2 fusion-flex-container has-pattern-background has-mask-background nonhundred-percent-fullwidth non-hundred-percent-height-scrolling\" style=\"--awb-border-sizes-bottom:2px;--awb-border-color:hsla(var(--awb-color8-h),var(--awb-color8-s),var(--awb-color8-l),calc(var(--awb-color8-a) - 95%));--awb-border-radius-top-left:0px;--awb-border-radius-top-right:0px;--awb-border-radius-bottom-right:0px;--awb-border-radius-bottom-left:0px;--awb-padding-top:125px;--awb-padding-bottom:125px;--awb-padding-top-medium:90px;--awb-padding-bottom-medium:90px;--awb-padding-top-small:80px;--awb-padding-bottom-small:50px;--awb-margin-bottom:0px;--awb-margin-bottom-medium:90px;--awb-margin-bottom-small:80px;--awb-flex-wrap:wrap;\" ><div class=\"fusion-builder-row fusion-row fusion-flex-align-items-flex-start fusion-flex-content-wrap\" style=\"max-width:calc( 1200px + 70px );margin-left: calc(-70px \/ 2 );margin-right: calc(-70px \/ 2 );\"><div class=\"fusion-layout-column fusion_builder_column fusion-builder-column-1 fusion_builder_column_1_3 1_3 fusion-flex-column\" style=\"--awb-bg-size:cover;--awb-width-large:33.333333333333%;--awb-margin-top-large:0px;--awb-spacing-right-large:35px;--awb-margin-bottom-large:0px;--awb-spacing-left-large:35px;--awb-width-medium:33.333333333333%;--awb-order-medium:0;--awb-spacing-right-medium:35px;--awb-spacing-left-medium:35px;--awb-width-small:100%;--awb-order-small:1;--awb-spacing-right-small:35px;--awb-spacing-left-small:35px;\"><div class=\"fusion-column-wrapper fusion-column-has-shadow fusion-flex-justify-content-flex-start fusion-content-layout-column\"><div class=\"fusion-image-element \" style=\"--awb-aspect-ratio: 100 \/ 56;--awb-object-position:44% 10%;--awb-margin-bottom:30px;--awb-caption-title-font-family:var(--h2_typography-font-family);--awb-caption-title-font-weight:var(--h2_typography-font-weight);--awb-caption-title-font-style:var(--h2_typography-font-style);--awb-caption-title-size:var(--h2_typography-font-size);--awb-caption-title-transform:var(--h2_typography-text-transform);--awb-caption-title-line-height:var(--h2_typography-line-height);--awb-caption-title-letter-spacing:var(--h2_typography-letter-spacing);\"><span class=\" fusion-imageframe imageframe-none imageframe-1 hover-type-none has-aspect-ratio\"><img decoding=\"async\" width=\"1480\" height=\"1080\" title=\"VUE GLOBALE ZEMBRA\" src=\"https:\/\/casaeole.com\/wp-content\/uploads\/2023\/07\/VUE-GLOBALE-ZEMBRA.jpg\" data-orig-src=\"http:\/\/casaeole.com\/wp-content\/uploads\/2023\/07\/VUE-GLOBALE-ZEMBRA.jpg\" class=\"lazyload img-responsive wp-image-1019 img-with-aspect-ratio\" data-parent-fit=\"cover\" data-parent-container=\".fusion-image-element\" alt srcset=\"data:image\/svg+xml,%3Csvg%20xmlns%3D%27http%3A%2F%2Fwww.w3.org%2F2000%2Fsvg%27%20width%3D%271480%27%20height%3D%271080%27%20viewBox%3D%270%200%201480%201080%27%3E%3Crect%20width%3D%271480%27%20height%3D%271080%27%20fill-opacity%3D%220%22%2F%3E%3C%2Fsvg%3E\" data-srcset=\"https:\/\/casaeole.com\/wp-content\/uploads\/2023\/07\/VUE-GLOBALE-ZEMBRA-200x146.jpg 200w, https:\/\/casaeole.com\/wp-content\/uploads\/2023\/07\/VUE-GLOBALE-ZEMBRA-400x292.jpg 400w, https:\/\/casaeole.com\/wp-content\/uploads\/2023\/07\/VUE-GLOBALE-ZEMBRA-600x438.jpg 600w, https:\/\/casaeole.com\/wp-content\/uploads\/2023\/07\/VUE-GLOBALE-ZEMBRA-800x584.jpg 800w, https:\/\/casaeole.com\/wp-content\/uploads\/2023\/07\/VUE-GLOBALE-ZEMBRA-1200x876.jpg 1200w, https:\/\/casaeole.com\/wp-content\/uploads\/2023\/07\/VUE-GLOBALE-ZEMBRA.jpg 1480w\" data-sizes=\"auto\" data-orig-sizes=\"(max-width: 900px) 100vw, 400px\" \/><\/span><\/div><div class=\"fusion-text fusion-text-1\"><p>Casaleole, point de d\u00e9part id\u00e9al pour l\u2019aventure, ouvre la voie \u00e0 une excursion compl\u00e8te \u00e0 El Haouaria.<\/p>\n<\/div><div class=\"fusion-title title fusion-title-2 fusion-sep-none fusion-title-text fusion-title-size-four\" style=\"--awb-margin-bottom:30px;--awb-margin-top-small:10px;--awb-margin-right-small:0px;--awb-margin-bottom-small:10px;--awb-margin-left-small:0px;\"><h4 class=\"fusion-title-heading title-heading-left\" style=\"margin:0;\">Discover Casaeole<\/h4><\/div><div class=\"fusion-text fusion-text-2\" style=\"--awb-font-size:var(--awb-typography5-font-size);--awb-line-height:var(--awb-typography5-line-height);--awb-letter-spacing:var(--awb-typography5-letter-spacing);--awb-text-transform:var(--awb-typography5-text-transform);--awb-text-font-family:var(--awb-typography5-font-family);--awb-text-font-weight:var(--awb-typography5-font-weight);--awb-text-font-style:var(--awb-typography5-font-style);\"><p>Borj essalhi, EL HAOUARIA 1080<br \/>\nTunisie<\/p>\n<p>Contact@casaeole.com<br \/>\nMob : +216 56 599 789<\/p>\n<\/div><\/div><\/div><div class=\"fusion-layout-column fusion_builder_column fusion-builder-column-2 fusion_builder_column_2_3 2_3 fusion-flex-column\" style=\"--awb-bg-size:cover;--awb-width-large:66.666666666667%;--awb-margin-top-large:-20px;--awb-spacing-right-large:35px;--awb-margin-bottom-large:0px;--awb-spacing-left-large:35px;--awb-width-medium:66.666666666667%;--awb-order-medium:0;--awb-spacing-right-medium:35px;--awb-spacing-left-medium:35px;--awb-width-small:100%;--awb-order-small:0;--awb-spacing-right-small:35px;--awb-margin-bottom-small:42px;--awb-spacing-left-small:35px;\"><div class=\"fusion-column-wrapper fusion-column-has-shadow fusion-flex-justify-content-flex-start fusion-content-layout-column\"><div class=\"fusion-form fusion-form-builder fusion-form-form-wrapper fusion-form-707\" style=\"--awb-tooltip-text-color:#ffffff;--awb-tooltip-background-color:#333333;--awb-form-border-color:var(--awb-color8);--awb-form-focus-border-color:hsla(var(--awb-color5-h),var(--awb-color5-s),calc(var(--awb-color5-l) - 17%),var(--awb-color5-a));--awb-form-focus-border-hover-color:hsla(var(--awb-color5-h),var(--awb-color5-s),calc(var(--awb-color5-l) - 17%),calc(var(--awb-color5-a) - 50%));\" data-form-id=\"707\" data-config=\"{&quot;form_id&quot;:&quot;707&quot;,&quot;form_post_id&quot;:&quot;707&quot;,&quot;post_id&quot;:56,&quot;form_type&quot;:&quot;ajax&quot;,&quot;confirmation_type&quot;:&quot;message&quot;,&quot;redirect_url&quot;:&quot;&quot;,&quot;redirect_timeout&quot;:&quot;0&quot;,&quot;field_labels&quot;:{&quot;first_name&quot;:&quot;First name&quot;,&quot;email_address&quot;:&quot;Email address&quot;,&quot;last_name&quot;:&quot;Last name&quot;,&quot;phone_number&quot;:&quot;Phone number&quot;,&quot;subject&quot;:&quot;Subject&quot;,&quot;reason_of_inquiry&quot;:&quot;Reason of inquiry (conditional logic demo)&quot;,&quot;which_class&quot;:&quot;Which class do you wish to try?&quot;,&quot;message&quot;:&quot;Message&quot;},&quot;field_logics&quot;:{&quot;first_name&quot;:&quot;&quot;,&quot;email_address&quot;:&quot;&quot;,&quot;last_name&quot;:&quot;&quot;,&quot;phone_number&quot;:&quot;&quot;,&quot;subject&quot;:&quot;&quot;,&quot;reason_of_inquiry&quot;:&quot;&quot;,&quot;which_class&quot;:&quot;[{\\&quot;operator\\&quot;:\\&quot;and\\&quot;,\\&quot;comparison\\&quot;:\\&quot;equal\\&quot;,\\&quot;field\\&quot;:\\&quot;reason_of_inquiry\\&quot;,\\&quot;value\\&quot;:\\&quot;I want to try a free class\\&quot;}]&quot;,&quot;message&quot;:&quot;&quot;,&quot;notice_1&quot;:&quot;&quot;,&quot;submit_1&quot;:&quot;&quot;},&quot;field_types&quot;:{&quot;first_name&quot;:&quot;text&quot;,&quot;email_address&quot;:&quot;email&quot;,&quot;last_name&quot;:&quot;text&quot;,&quot;phone_number&quot;:&quot;phone_number&quot;,&quot;subject&quot;:&quot;text&quot;,&quot;reason_of_inquiry&quot;:&quot;select&quot;,&quot;which_class&quot;:&quot;select&quot;,&quot;message&quot;:&quot;textarea&quot;,&quot;notice_1&quot;:&quot;notice&quot;,&quot;submit_1&quot;:&quot;submit&quot;},&quot;nonce_method&quot;:&quot;ajax&quot;,&quot;form_views&quot;:&quot;&quot;,&quot;form_views_counting&quot;:&quot;&quot;}\"><form action=\"https:\/\/casaeole.com\/index.php\/contact\/\" method=\"post\" class=\"fusion-form fusion-form-707\"><div class=\"fusion-fullwidth fullwidth-box fusion-builder-row-2-1 fusion-flex-container nonhundred-percent-fullwidth non-hundred-percent-height-scrolling\" style=\"--awb-border-radius-top-left:0px;--awb-border-radius-top-right:0px;--awb-border-radius-bottom-right:0px;--awb-border-radius-bottom-left:0px;--awb-flex-wrap:wrap;\" ><div class=\"fusion-builder-row fusion-row fusion-flex-align-items-flex-start fusion-flex-content-wrap\" style=\"width:104% !important;max-width:104% !important;margin-left: calc(-4% \/ 2 );margin-right: calc(-4% \/ 2 );\"><div class=\"fusion-layout-column fusion_builder_column fusion-builder-column-3 fusion_builder_column_1_2 1_2 fusion-flex-column\" style=\"--awb-bg-size:cover;--awb-width-large:50%;--awb-flex-grow:0;--awb-flex-shrink:0;--awb-margin-top-large:0px;--awb-spacing-right-large:3.84%;--awb-margin-bottom-large:0px;--awb-spacing-left-large:3.84%;--awb-width-medium:50%;--awb-order-medium:0;--awb-flex-grow-medium:0;--awb-flex-shrink-medium:0;--awb-spacing-right-medium:3.84%;--awb-spacing-left-medium:3.84%;--awb-width-small:100%;--awb-order-small:0;--awb-flex-grow-small:0;--awb-flex-shrink-small:0;--awb-spacing-right-small:0%;--awb-spacing-left-small:0%;\"><div class=\"fusion-column-wrapper fusion-column-has-shadow fusion-flex-justify-content-flex-start fusion-content-layout-column\"><div class=\"fusion-form-field fusion-form-text-field fusion-form-label-above\" style=\"\" data-form-id=\"707\"><div class=\"fusion-form-label-wrapper\"><label for=\"first_name\">First name <abbr class=\"fusion-form-element-required\" title=\"required\">*<\/abbr><\/label><\/div><input type=\"text\" autocomplete=\"off\" name=\"first_name\" id=\"first_name\" value=\"\"  class=\"fusion-form-input\" required=\"true\" aria-required=\"true\" data-holds-private-data=\"false\" minlength=\"0\"\/><\/div><div class=\"fusion-form-field fusion-form-email-field fusion-form-label-above\" style=\"\" data-form-id=\"707\"><div class=\"fusion-form-label-wrapper\"><label for=\"email_address\">Email address <abbr class=\"fusion-form-element-required\" title=\"required\">*<\/abbr><\/label><\/div><div class=\"fusion-form-input-with-icon\"><i class=\"awb-form-icon retail-envelope\"><\/i><input type=\"email\" autocomplete=\"off\" name=\"email_address\" id=\"email_address\" value=\"\"  class=\"fusion-form-input\" required=\"true\" aria-required=\"true\" data-holds-private-data=\"false\"\/><\/div><\/div><\/div><\/div><div class=\"fusion-layout-column fusion_builder_column fusion-builder-column-4 fusion_builder_column_1_2 1_2 fusion-flex-column\" style=\"--awb-bg-size:cover;--awb-width-large:50%;--awb-flex-grow:0;--awb-flex-shrink:0;--awb-margin-top-large:0px;--awb-spacing-right-large:3.84%;--awb-margin-bottom-large:0px;--awb-spacing-left-large:3.84%;--awb-width-medium:50%;--awb-order-medium:0;--awb-flex-grow-medium:0;--awb-flex-shrink-medium:0;--awb-spacing-right-medium:3.84%;--awb-spacing-left-medium:3.84%;--awb-width-small:100%;--awb-order-small:0;--awb-flex-grow-small:0;--awb-flex-shrink-small:0;--awb-spacing-right-small:0.576%;--awb-spacing-left-small:0%;\"><div class=\"fusion-column-wrapper fusion-column-has-shadow fusion-flex-justify-content-flex-start fusion-content-layout-column\"><div class=\"fusion-form-field fusion-form-text-field fusion-form-label-above\" style=\"\" data-form-id=\"707\"><div class=\"fusion-form-label-wrapper\"><label for=\"last_name\">Last name<\/label><\/div><input type=\"text\" autocomplete=\"off\" name=\"last_name\" id=\"last_name\" value=\"\"  class=\"fusion-form-input\" data-holds-private-data=\"false\" minlength=\"0\"\/><\/div><div class=\"fusion-form-field fusion-form-phone-number-field fusion-form-label-above\" style=\"\" data-form-id=\"707\"><div class=\"fusion-form-label-wrapper\"><label for=\"phone_number\">Phone number<\/label><\/div><div class=\"fusion-form-input-with-icon\"><i class=\"awb-form-icon retail-phone\"><\/i><input type=\"tel\" autocomplete=\"off\" name=\"phone_number\" id=\"phone_number\" value=\"\"  class=\"fusion-form-input\" data-holds-private-data=\"false\"\/><\/div><\/div><\/div><\/div><div class=\"fusion-layout-column fusion_builder_column fusion-builder-column-5 fusion_builder_column_1_1 1_1 fusion-flex-column\" style=\"--awb-bg-size:cover;--awb-width-large:100%;--awb-flex-grow:0;--awb-flex-shrink:0;--awb-margin-top-large:0px;--awb-spacing-right-large:1.92%;--awb-margin-bottom-large:0px;--awb-spacing-left-large:1.92%;--awb-width-medium:100%;--awb-order-medium:0;--awb-flex-grow-medium:0;--awb-flex-shrink-medium:0;--awb-spacing-right-medium:1.92%;--awb-spacing-left-medium:1.92%;--awb-width-small:100%;--awb-order-small:0;--awb-flex-grow-small:0;--awb-flex-shrink-small:0;--awb-spacing-right-small:0%;--awb-spacing-left-small:0%;\"><div class=\"fusion-column-wrapper fusion-column-has-shadow fusion-flex-justify-content-flex-start fusion-content-layout-column\"><div class=\"fusion-form-field fusion-form-text-field fusion-form-label-above\" style=\"\" data-form-id=\"707\"><div class=\"fusion-form-label-wrapper\"><label for=\"subject\">Subject<\/label><\/div><input type=\"text\" autocomplete=\"off\" name=\"subject\" id=\"subject\" value=\"\"  class=\"fusion-form-input\" data-holds-private-data=\"false\" minlength=\"0\"\/><\/div><div class=\"fusion-form-field fusion-form-select-field fusion-form-label-above\" style=\"\" data-form-id=\"707\"><label for=\"reason_of_inquiry\">Reason of inquiry (conditional logic demo) <abbr class=\"fusion-form-element-required\" title=\"required\">*<\/abbr><\/label><div class=\"fusion-select-wrapper\"><select autocomplete=\"off\" tabindex=\"\" id=\"reason_of_inquiry\" name=\"reason_of_inquiry\" class=\"fusion-form-input\" required=\"true\" aria-required=\"true\" data-holds-private-data=\"false\"><option value=\"I want to try a free class\" >I want to try a free class<\/option><option value=\"I have general questions\" >I have general questions<\/option><\/select><div class=\"select-arrow\"><svg width=\"12\" height=\"8\" viewBox=\"0 0 12 8\" fill=\"none\" xmlns=\"http:\/\/www.w3.org\/2000\/svg\"> <path d=\"M1.5 1.75L6 6.25L10.5 1.75\" stroke=\"#6D6D6D\" stroke-width=\"2\" stroke-linecap=\"round\" stroke-linejoin=\"round\"\/> <\/svg><\/div><\/div><\/div><div class=\"fusion-form-field fusion-form-select-field fusion-form-label-above fusion-form-field-hidden\" style=\"\" data-form-id=\"707\" data-form-element-name=\"select_2\"><label for=\"which_class\">Which class do you wish to try? <abbr class=\"fusion-form-element-required\" title=\"required\">*<\/abbr><\/label><div class=\"fusion-select-wrapper\"><select autocomplete=\"off\" tabindex=\"\" id=\"which_class\" name=\"which_class\" class=\"fusion-form-input\" required=\"true\" aria-required=\"true\" data-holds-private-data=\"false\"><option value=\"Hip Hop\" >Hip Hop<\/option><option value=\"Ballet\" >Ballet<\/option><option value=\"Salsa\" >Salsa<\/option><option value=\"Contemporary\" >Contemporary<\/option><\/select><div class=\"select-arrow\"><svg width=\"12\" height=\"8\" viewBox=\"0 0 12 8\" fill=\"none\" xmlns=\"http:\/\/www.w3.org\/2000\/svg\"> <path d=\"M1.5 1.75L6 6.25L10.5 1.75\" stroke=\"#6D6D6D\" stroke-width=\"2\" stroke-linecap=\"round\" stroke-linejoin=\"round\"\/> <\/svg><\/div><\/div><\/div><div class=\"fusion-form-field fusion-form-textarea-field fusion-form-label-above\" style=\"\" data-form-id=\"707\"><label for=\"message\">Message <abbr class=\"fusion-form-element-required\" title=\"required\">*<\/abbr><\/label><textarea cols=\"40\" autocomplete=\"off\"  minlength=\"0\"  rows=\"4\" tabindex=\"\" id=\"message\" name=\"message\" class=\"fusion-form-input\" required=\"true\" aria-required=\"true\" data-holds-private-data=\"false\"><\/textarea><\/div><div class=\"form-submission-notices data-notice_1\" id=\"fusion-notices-1\" data-instance=\"1\"><div class=\"fusion-alert alert success alert-success fusion-alert-center fusion-form-response fusion-form-response-success awb-alert-native-link-color alert-dismissable awb-alert-close-boxed\" role=\"alert\"><div class=\"fusion-alert-content-wrapper\"><span class=\"alert-icon\"><i class=\"awb-icon-check-circle\" aria-hidden=\"true\"><\/i><\/span><span class=\"fusion-alert-content\">Thank you for your message. It has been sent.<\/span><\/div><button type=\"button\" class=\"close toggle-alert\" data-dismiss=\"alert\" aria-label=\"Close\">&times;<\/button><\/div><div class=\"fusion-alert alert error alert-danger fusion-alert-center fusion-form-response fusion-form-response-error awb-alert-native-link-color alert-dismissable awb-alert-close-boxed\" role=\"alert\"><div class=\"fusion-alert-content-wrapper\"><span class=\"alert-icon\"><i class=\"awb-icon-exclamation-triangle\" aria-hidden=\"true\"><\/i><\/span><span class=\"fusion-alert-content\">There was an error trying to send your message. Please try again later.<\/span><\/div><button type=\"button\" class=\"close toggle-alert\" data-dismiss=\"alert\" aria-label=\"Close\">&times;<\/button><\/div><\/div><div class=\"fusion-form-field fusion-form-submit-field fusion-form-label-above\" style=\"\" data-form-id=\"707\"><div ><button type=\"submit\" class=\"fusion-button button-flat fusion-button-default-size button-custom fusion-button-default button-1 fusion-button-default-span  button-default form-form-submit\" style=\"--button_accent_color:var(--awb-color1);--button_accent_hover_color:var(--awb-color1);--button_border_hover_color:var(--awb-color1);--button_gradient_top_color:var(--awb-color8);--button_gradient_bottom_color:var(--awb-color8);--button_gradient_top_color_hover:var(--awb-color7);--button_gradient_bottom_color_hover:var(--awb-color7);\" data-form-number=\"707\" tabindex=\"\"><span class=\"fusion-button-text awb-button__text awb-button__text--default\">Submit your message<\/span><\/button><\/div><\/div><\/div><\/div><\/div><\/div><input type=\"hidden\" name=\"fusion_privacy_expiration_interval\" value=\"48\"><input type=\"hidden\" name=\"privacy_expiration_action\" value=\"anonymize\"><\/form><\/div><\/div><\/div><\/div><\/div><div class=\"fusion-fullwidth fullwidth-box fusion-builder-row-3 fusion-flex-container has-pattern-background has-mask-background nonhundred-percent-fullwidth non-hundred-percent-height-scrolling\" style=\"--awb-border-color:hsla(var(--awb-color8-h),var(--awb-color8-s),var(--awb-color8-l),calc(var(--awb-color8-a) - 95%));--awb-border-radius-top-left:0px;--awb-border-radius-top-right:0px;--awb-border-radius-bottom-right:0px;--awb-border-radius-bottom-left:0px;--awb-padding-top:125px;--awb-padding-bottom:125px;--awb-padding-top-medium:0px;--awb-padding-bottom-medium:89px;--awb-padding-top-small:80px;--awb-padding-bottom-small:80px;--awb-margin-bottom:0px;--awb-margin-bottom-medium:0px;--awb-margin-bottom-small:0px;--awb-background-color:var(--awb-color3);--awb-flex-wrap:wrap;\" ><div class=\"fusion-builder-row fusion-row fusion-flex-align-items-flex-start fusion-flex-content-wrap\" style=\"max-width:calc( 1200px + 70px );margin-left: calc(-70px \/ 2 );margin-right: calc(-70px \/ 2 );\"><div class=\"fusion-layout-column fusion_builder_column fusion-builder-column-6 fusion_builder_column_1_1 1_1 fusion-flex-column\" style=\"--awb-bg-size:cover;--awb-width-large:100%;--awb-flex-grow:0;--awb-flex-shrink:0;--awb-margin-top-large:0px;--awb-spacing-right-large:35px;--awb-margin-bottom-large:0px;--awb-spacing-left-large:35px;--awb-width-medium:100%;--awb-order-medium:0;--awb-flex-grow-medium:0;--awb-flex-shrink-medium:0;--awb-spacing-right-medium:35px;--awb-spacing-left-medium:35px;--awb-width-small:100%;--awb-order-small:0;--awb-flex-grow-small:0;--awb-flex-shrink-small:0;--awb-spacing-right-small:35px;--awb-spacing-left-small:35px;\"><div class=\"fusion-column-wrapper fusion-column-has-shadow fusion-flex-justify-content-flex-start fusion-content-layout-column\"><div style=\"--awb-height:400px;\" class=\"awb-openstreet-map awb-openstreet-map-1\" data-map-style=\"osm-carto\" data-map-type=\"marker\" data-zoom=\"14\" data-zoomsnap=\"1\" data-zoomcontrol=\"1\" data-scrollwheelzoom=\"1\" data-dragging=\"1\" data-touchzoom=\"1\" data-dbclickzoom=\"1\" data-fitbounds=\"1\" data-shape-color=\"rgba(100,138,214,1)\" data-shape-weight=\"3\"><div class=\"awb-openstreet-map-marker awb-openstreet-map-marker-1\" data-latitude=\"37.03211\" data-longitude=\"10.91103\" data-icon=\"fa-map-marker-alt fas\" data-action=\"popup\"><div class=\"awb-openstreet-map-marker-icon-wrapper\" style=\"\"><i class=\"fa-map-marker-alt fas\"><\/i><\/div><div class=\"awb-openstreet-map-content-wrapper\"><\/div><\/div><\/div><\/div><\/div><\/div><\/div><\/p>\n","protected":false},"excerpt":{"rendered":"","protected":false},"author":1,"featured_media":0,"parent":0,"menu_order":0,"comment_status":"closed","ping_status":"closed","template":"100-width.php","meta":{"_acf_changed":false,"footnotes":""},"class_list":["post-56","page","type-page","status-publish","hentry"],"acf":[],"_links":{"self":[{"href":"https:\/\/casaeole.com\/index.php\/wp-json\/wp\/v2\/pages\/56","targetHints":{"allow":["GET"]}}],"collection":[{"href":"https:\/\/casaeole.com\/index.php\/wp-json\/wp\/v2\/pages"}],"about":[{"href":"https:\/\/casaeole.com\/index.php\/wp-json\/wp\/v2\/types\/page"}],"author":[{"embeddable":true,"href":"https:\/\/casaeole.com\/index.php\/wp-json\/wp\/v2\/users\/1"}],"replies":[{"embeddable":true,"href":"https:\/\/casaeole.com\/index.php\/wp-json\/wp\/v2\/comments?post=56"}],"version-history":[{"count":5,"href":"https:\/\/casaeole.com\/index.php\/wp-json\/wp\/v2\/pages\/56\/revisions"}],"predecessor-version":[{"id":1126,"href":"https:\/\/casaeole.com\/index.php\/wp-json\/wp\/v2\/pages\/56\/revisions\/1126"}],"wp:attachment":[{"href":"https:\/\/casaeole.com\/index.php\/wp-json\/wp\/v2\/media?parent=56"}],"curies":[{"name":"wp","href":"https:\/\/api.w.org\/{rel}","templated":true}]}}